{"id":752,"date":"2024-04-21T15:49:07","date_gmt":"2024-04-21T12:49:07","guid":{"rendered":"http:\/\/felipsotomotiv.com\/?post_type=product&#038;p=752"},"modified":"2024-07-08T16:20:51","modified_gmt":"2024-07-08T13:20:51","slug":"cam-onu-kromu-fvo117","status":"publish","type":"product","link":"https:\/\/felipsotomotiv.com\/index.php\/urun\/cam-onu-kromu-fvo117\/","title":{"rendered":"FVO117 VOLVO \u0130\u00c7\u0130N CAM \u00d6N\u00dc KROMU FH2\/FH3"},"content":{"rendered":"","protected":false},"excerpt":{"rendered":"","protected":false},"featured_media":1793,"comment_status":"open","ping_status":"closed","template":"","meta":[],"product_cat":[27],"product_tag":[],"class_list":["post-752","product","type-product","status-publish","has-post-thumbnail","hentry","product_cat-fh2-fh3"],"_links":{"self":[{"href":"https:\/\/felipsotomotiv.com\/index.php\/wp-json\/wp\/v3\/product\/752","targetHints":{"allow":["GET"]}}],"collection":[{"href":"https:\/\/felipsotomotiv.com\/index.php\/wp-json\/wp\/v3\/product"}],"about":[{"href":"https:\/\/felipsotomotiv.com\/index.php\/wp-json\/wp\/v2\/types\/product"}],"replies":[{"embeddable":true,"href":"https:\/\/felipsotomotiv.com\/index.php\/wp-json\/wp\/v2\/comments?post=752"}],"wp:featuredmedia":[{"embeddable":true,"href":"https:\/\/felipsotomotiv.com\/index.php\/wp-json\/wp\/v2\/media\/1793"}],"wp:attachment":[{"href":"https:\/\/felipsotomotiv.com\/index.php\/wp-json\/wp\/v2\/media?parent=752"}],"wp:term":[{"taxonomy":"product_cat","embeddable":true,"href":"https:\/\/felipsotomotiv.com\/index.php\/wp-json\/wp\/v2\/product_cat?post=752"},{"taxonomy":"product_tag","embeddable":true,"href":"https:\/\/felipsotomotiv.com\/index.php\/wp-json\/wp\/v2\/product_tag?post=752"}],"curies":[{"name":"wp","href":"https:\/\/api.w.org\/{rel}","templated":true}]}}