{"id":759,"date":"2024-04-21T15:50:06","date_gmt":"2024-04-21T12:50:06","guid":{"rendered":"http:\/\/felipsotomotiv.com\/?post_type=product&#038;p=759"},"modified":"2024-07-19T10:55:20","modified_gmt":"2024-07-19T07:55:20","slug":"yan-havalandirma-kromu-fiv160","status":"publish","type":"product","link":"https:\/\/felipsotomotiv.com\/index.php\/urun\/yan-havalandirma-kromu-fiv160\/","title":{"rendered":"FIV160 IVECO \u0130\u00c7\u0130N YAN HAVALANDIRMA KROMU S-WAY"},"content":{"rendered":"","protected":false},"excerpt":{"rendered":"<p>S-WAY<\/p>\n","protected":false},"featured_media":2081,"comment_status":"open","ping_status":"closed","template":"","meta":[],"product_cat":[38],"product_tag":[],"class_list":["post-759","product","type-product","status-publish","has-post-thumbnail","hentry","product_cat-s-way"],"_links":{"self":[{"href":"https:\/\/felipsotomotiv.com\/index.php\/wp-json\/wp\/v3\/product\/759","targetHints":{"allow":["GET"]}}],"collection":[{"href":"https:\/\/felipsotomotiv.com\/index.php\/wp-json\/wp\/v3\/product"}],"about":[{"href":"https:\/\/felipsotomotiv.com\/index.php\/wp-json\/wp\/v2\/types\/product"}],"replies":[{"embeddable":true,"href":"https:\/\/felipsotomotiv.com\/index.php\/wp-json\/wp\/v2\/comments?post=759"}],"wp:featuredmedia":[{"embeddable":true,"href":"https:\/\/felipsotomotiv.com\/index.php\/wp-json\/wp\/v2\/media\/2081"}],"wp:attachment":[{"href":"https:\/\/felipsotomotiv.com\/index.php\/wp-json\/wp\/v2\/media?parent=759"}],"wp:term":[{"taxonomy":"product_cat","embeddable":true,"href":"https:\/\/felipsotomotiv.com\/index.php\/wp-json\/wp\/v2\/product_cat?post=759"},{"taxonomy":"product_tag","embeddable":true,"href":"https:\/\/felipsotomotiv.com\/index.php\/wp-json\/wp\/v2\/product_tag?post=759"}],"curies":[{"name":"wp","href":"https:\/\/api.w.org\/{rel}","templated":true}]}}