{"id":775,"date":"2024-04-21T15:52:08","date_gmt":"2024-04-21T12:52:08","guid":{"rendered":"http:\/\/felipsotomotiv.com\/?post_type=product&#038;p=775"},"modified":"2024-07-19T10:58:07","modified_gmt":"2024-07-19T07:58:07","slug":"kapi-diregi-onu-kromu-fiv164","status":"publish","type":"product","link":"https:\/\/felipsotomotiv.com\/index.php\/urun\/kapi-diregi-onu-kromu-fiv164\/","title":{"rendered":"FIV164 IVECO \u0130\u00c7\u0130N KAPI D\u0130RE\u011e\u0130 \u00d6N\u00dc KROMU S-WAY"},"content":{"rendered":"","protected":false},"excerpt":{"rendered":"<p>S-WAY<\/p>\n","protected":false},"featured_media":2085,"comment_status":"open","ping_status":"closed","template":"","meta":[],"product_cat":[38],"product_tag":[],"class_list":["post-775","product","type-product","status-publish","has-post-thumbnail","hentry","product_cat-s-way"],"_links":{"self":[{"href":"https:\/\/felipsotomotiv.com\/index.php\/wp-json\/wp\/v3\/product\/775","targetHints":{"allow":["GET"]}}],"collection":[{"href":"https:\/\/felipsotomotiv.com\/index.php\/wp-json\/wp\/v3\/product"}],"about":[{"href":"https:\/\/felipsotomotiv.com\/index.php\/wp-json\/wp\/v2\/types\/product"}],"replies":[{"embeddable":true,"href":"https:\/\/felipsotomotiv.com\/index.php\/wp-json\/wp\/v2\/comments?post=775"}],"wp:featuredmedia":[{"embeddable":true,"href":"https:\/\/felipsotomotiv.com\/index.php\/wp-json\/wp\/v2\/media\/2085"}],"wp:attachment":[{"href":"https:\/\/felipsotomotiv.com\/index.php\/wp-json\/wp\/v2\/media?parent=775"}],"wp:term":[{"taxonomy":"product_cat","embeddable":true,"href":"https:\/\/felipsotomotiv.com\/index.php\/wp-json\/wp\/v2\/product_cat?post=775"},{"taxonomy":"product_tag","embeddable":true,"href":"https:\/\/felipsotomotiv.com\/index.php\/wp-json\/wp\/v2\/product_tag?post=775"}],"curies":[{"name":"wp","href":"https:\/\/api.w.org\/{rel}","templated":true}]}}