{"id":776,"date":"2024-04-21T15:52:22","date_gmt":"2024-04-21T12:52:22","guid":{"rendered":"http:\/\/felipsotomotiv.com\/?post_type=product&#038;p=776"},"modified":"2024-07-08T16:33:47","modified_gmt":"2024-07-08T13:33:47","slug":"mentese-kromu-fvo122","status":"publish","type":"product","link":"https:\/\/felipsotomotiv.com\/index.php\/urun\/mentese-kromu-fvo122\/","title":{"rendered":"FVO122 VOLVO \u0130\u00c7\u0130N MENTE\u015eE KROMU (PRESL\u0130) FH2\/FH3"},"content":{"rendered":"","protected":false},"excerpt":{"rendered":"","protected":false},"featured_media":1798,"comment_status":"open","ping_status":"closed","template":"","meta":[],"product_cat":[27],"product_tag":[],"class_list":["post-776","product","type-product","status-publish","has-post-thumbnail","hentry","product_cat-fh2-fh3"],"_links":{"self":[{"href":"https:\/\/felipsotomotiv.com\/index.php\/wp-json\/wp\/v3\/product\/776","targetHints":{"allow":["GET"]}}],"collection":[{"href":"https:\/\/felipsotomotiv.com\/index.php\/wp-json\/wp\/v3\/product"}],"about":[{"href":"https:\/\/felipsotomotiv.com\/index.php\/wp-json\/wp\/v2\/types\/product"}],"replies":[{"embeddable":true,"href":"https:\/\/felipsotomotiv.com\/index.php\/wp-json\/wp\/v2\/comments?post=776"}],"wp:featuredmedia":[{"embeddable":true,"href":"https:\/\/felipsotomotiv.com\/index.php\/wp-json\/wp\/v2\/media\/1798"}],"wp:attachment":[{"href":"https:\/\/felipsotomotiv.com\/index.php\/wp-json\/wp\/v2\/media?parent=776"}],"wp:term":[{"taxonomy":"product_cat","embeddable":true,"href":"https:\/\/felipsotomotiv.com\/index.php\/wp-json\/wp\/v2\/product_cat?post=776"},{"taxonomy":"product_tag","embeddable":true,"href":"https:\/\/felipsotomotiv.com\/index.php\/wp-json\/wp\/v2\/product_tag?post=776"}],"curies":[{"name":"wp","href":"https:\/\/api.w.org\/{rel}","templated":true}]}}