{"id":830,"date":"2024-04-21T16:43:45","date_gmt":"2024-04-21T13:43:45","guid":{"rendered":"http:\/\/felipsotomotiv.com\/?post_type=product&#038;p=830"},"modified":"2024-07-09T08:50:49","modified_gmt":"2024-07-09T05:50:49","slug":"panjur-kromu-fvo204","status":"publish","type":"product","link":"https:\/\/felipsotomotiv.com\/index.php\/urun\/panjur-kromu-fvo204\/","title":{"rendered":"FVO204 VOLVO \u0130\u00c7\u0130N PANJUR KROMU FH4 \/ 2013-2020"},"content":{"rendered":"","protected":false},"excerpt":{"rendered":"","protected":false},"featured_media":1813,"comment_status":"open","ping_status":"closed","template":"","meta":[],"product_cat":[28],"product_tag":[],"class_list":["post-830","product","type-product","status-publish","has-post-thumbnail","hentry","product_cat-fh4-fh5"],"_links":{"self":[{"href":"https:\/\/felipsotomotiv.com\/index.php\/wp-json\/wp\/v3\/product\/830","targetHints":{"allow":["GET"]}}],"collection":[{"href":"https:\/\/felipsotomotiv.com\/index.php\/wp-json\/wp\/v3\/product"}],"about":[{"href":"https:\/\/felipsotomotiv.com\/index.php\/wp-json\/wp\/v2\/types\/product"}],"replies":[{"embeddable":true,"href":"https:\/\/felipsotomotiv.com\/index.php\/wp-json\/wp\/v2\/comments?post=830"}],"wp:featuredmedia":[{"embeddable":true,"href":"https:\/\/felipsotomotiv.com\/index.php\/wp-json\/wp\/v2\/media\/1813"}],"wp:attachment":[{"href":"https:\/\/felipsotomotiv.com\/index.php\/wp-json\/wp\/v2\/media?parent=830"}],"wp:term":[{"taxonomy":"product_cat","embeddable":true,"href":"https:\/\/felipsotomotiv.com\/index.php\/wp-json\/wp\/v2\/product_cat?post=830"},{"taxonomy":"product_tag","embeddable":true,"href":"https:\/\/felipsotomotiv.com\/index.php\/wp-json\/wp\/v2\/product_tag?post=830"}],"curies":[{"name":"wp","href":"https:\/\/api.w.org\/{rel}","templated":true}]}}