{"id":949,"date":"2024-04-21T17:11:51","date_gmt":"2024-04-21T14:11:51","guid":{"rendered":"http:\/\/felipsotomotiv.com\/?post_type=product&#038;p=949"},"modified":"2024-07-03T10:44:37","modified_gmt":"2024-07-03T07:44:37","slug":"genis-panjur-kromu-sensorlu-fsc124","status":"publish","type":"product","link":"https:\/\/felipsotomotiv.com\/index.php\/urun\/genis-panjur-kromu-sensorlu-fsc124\/","title":{"rendered":"FSC124 SCAN\u0130A \u0130\u00c7\u0130N GEN\u0130\u015e PANJUR KROMU SENS\u00d6RL\u00dc STREAML\u0130NE"},"content":{"rendered":"","protected":false},"excerpt":{"rendered":"<p>R500<\/p>\n","protected":false},"featured_media":1554,"comment_status":"open","ping_status":"closed","template":"","meta":[],"product_cat":[21],"product_tag":[],"class_list":["post-949","product","type-product","status-publish","has-post-thumbnail","hentry","product_cat-streamline"],"_links":{"self":[{"href":"https:\/\/felipsotomotiv.com\/index.php\/wp-json\/wp\/v3\/product\/949","targetHints":{"allow":["GET"]}}],"collection":[{"href":"https:\/\/felipsotomotiv.com\/index.php\/wp-json\/wp\/v3\/product"}],"about":[{"href":"https:\/\/felipsotomotiv.com\/index.php\/wp-json\/wp\/v2\/types\/product"}],"replies":[{"embeddable":true,"href":"https:\/\/felipsotomotiv.com\/index.php\/wp-json\/wp\/v2\/comments?post=949"}],"wp:featuredmedia":[{"embeddable":true,"href":"https:\/\/felipsotomotiv.com\/index.php\/wp-json\/wp\/v2\/media\/1554"}],"wp:attachment":[{"href":"https:\/\/felipsotomotiv.com\/index.php\/wp-json\/wp\/v2\/media?parent=949"}],"wp:term":[{"taxonomy":"product_cat","embeddable":true,"href":"https:\/\/felipsotomotiv.com\/index.php\/wp-json\/wp\/v2\/product_cat?post=949"},{"taxonomy":"product_tag","embeddable":true,"href":"https:\/\/felipsotomotiv.com\/index.php\/wp-json\/wp\/v2\/product_tag?post=949"}],"curies":[{"name":"wp","href":"https:\/\/api.w.org\/{rel}","templated":true}]}}