{"id":955,"date":"2024-04-21T17:12:29","date_gmt":"2024-04-21T14:12:29","guid":{"rendered":"http:\/\/felipsotomotiv.com\/?post_type=product&#038;p=955"},"modified":"2024-07-03T10:46:33","modified_gmt":"2024-07-03T07:46:33","slug":"genis-panjur-etrafi-kromu-sensorlu-fsc125","status":"publish","type":"product","link":"https:\/\/felipsotomotiv.com\/index.php\/urun\/genis-panjur-etrafi-kromu-sensorlu-fsc125\/","title":{"rendered":"FSC125 SCAN\u0130A \u0130\u00c7\u0130N GEN\u0130\u015e PANJUR ETRAFI KROMU SENS\u00d6RL\u00dc STREAML\u0130NE"},"content":{"rendered":"","protected":false},"excerpt":{"rendered":"<p>R500<\/p>\n","protected":false},"featured_media":1556,"comment_status":"open","ping_status":"closed","template":"","meta":[],"product_cat":[21],"product_tag":[],"class_list":["post-955","product","type-product","status-publish","has-post-thumbnail","hentry","product_cat-streamline"],"_links":{"self":[{"href":"https:\/\/felipsotomotiv.com\/index.php\/wp-json\/wp\/v3\/product\/955","targetHints":{"allow":["GET"]}}],"collection":[{"href":"https:\/\/felipsotomotiv.com\/index.php\/wp-json\/wp\/v3\/product"}],"about":[{"href":"https:\/\/felipsotomotiv.com\/index.php\/wp-json\/wp\/v2\/types\/product"}],"replies":[{"embeddable":true,"href":"https:\/\/felipsotomotiv.com\/index.php\/wp-json\/wp\/v2\/comments?post=955"}],"wp:featuredmedia":[{"embeddable":true,"href":"https:\/\/felipsotomotiv.com\/index.php\/wp-json\/wp\/v2\/media\/1556"}],"wp:attachment":[{"href":"https:\/\/felipsotomotiv.com\/index.php\/wp-json\/wp\/v2\/media?parent=955"}],"wp:term":[{"taxonomy":"product_cat","embeddable":true,"href":"https:\/\/felipsotomotiv.com\/index.php\/wp-json\/wp\/v2\/product_cat?post=955"},{"taxonomy":"product_tag","embeddable":true,"href":"https:\/\/felipsotomotiv.com\/index.php\/wp-json\/wp\/v2\/product_tag?post=955"}],"curies":[{"name":"wp","href":"https:\/\/api.w.org\/{rel}","templated":true}]}}