{"id":962,"date":"2024-04-21T17:13:37","date_gmt":"2024-04-21T14:13:37","guid":{"rendered":"http:\/\/felipsotomotiv.com\/?post_type=product&#038;p=962"},"modified":"2024-07-03T10:46:45","modified_gmt":"2024-07-03T07:46:45","slug":"panjur-kromu-fsc127","status":"publish","type":"product","link":"https:\/\/felipsotomotiv.com\/index.php\/urun\/panjur-kromu-fsc127\/","title":{"rendered":"FSC127 SCAN\u0130A \u0130\u00c7\u0130N PANJUR KROMU STREAML\u0130NE"},"content":{"rendered":"","protected":false},"excerpt":{"rendered":"<p>1998-2004 \/ L CAB<\/p>\n","protected":false},"featured_media":1558,"comment_status":"open","ping_status":"closed","template":"","meta":[],"product_cat":[21],"product_tag":[],"class_list":["post-962","product","type-product","status-publish","has-post-thumbnail","hentry","product_cat-streamline"],"_links":{"self":[{"href":"https:\/\/felipsotomotiv.com\/index.php\/wp-json\/wp\/v3\/product\/962","targetHints":{"allow":["GET"]}}],"collection":[{"href":"https:\/\/felipsotomotiv.com\/index.php\/wp-json\/wp\/v3\/product"}],"about":[{"href":"https:\/\/felipsotomotiv.com\/index.php\/wp-json\/wp\/v2\/types\/product"}],"replies":[{"embeddable":true,"href":"https:\/\/felipsotomotiv.com\/index.php\/wp-json\/wp\/v2\/comments?post=962"}],"wp:featuredmedia":[{"embeddable":true,"href":"https:\/\/felipsotomotiv.com\/index.php\/wp-json\/wp\/v2\/media\/1558"}],"wp:attachment":[{"href":"https:\/\/felipsotomotiv.com\/index.php\/wp-json\/wp\/v2\/media?parent=962"}],"wp:term":[{"taxonomy":"product_cat","embeddable":true,"href":"https:\/\/felipsotomotiv.com\/index.php\/wp-json\/wp\/v2\/product_cat?post=962"},{"taxonomy":"product_tag","embeddable":true,"href":"https:\/\/felipsotomotiv.com\/index.php\/wp-json\/wp\/v2\/product_tag?post=962"}],"curies":[{"name":"wp","href":"https:\/\/api.w.org\/{rel}","templated":true}]}}