{"id":966,"date":"2024-04-21T17:14:10","date_gmt":"2024-04-21T14:14:10","guid":{"rendered":"http:\/\/felipsotomotiv.com\/?post_type=product&#038;p=966"},"modified":"2024-07-03T10:46:51","modified_gmt":"2024-07-03T07:46:51","slug":"dar-panjur-alti-super-kromu-fsc128","status":"publish","type":"product","link":"https:\/\/felipsotomotiv.com\/index.php\/urun\/dar-panjur-alti-super-kromu-fsc128\/","title":{"rendered":"FSC128 SCAN\u0130A \u0130\u00c7\u0130N DAR PANJUR ALTI S\u00dcPER KROMU STREAML\u0130NE"},"content":{"rendered":"","protected":false},"excerpt":{"rendered":"<p>2010-2016<\/p>\n","protected":false},"featured_media":1559,"comment_status":"open","ping_status":"closed","template":"","meta":[],"product_cat":[21],"product_tag":[],"class_list":["post-966","product","type-product","status-publish","has-post-thumbnail","hentry","product_cat-streamline"],"_links":{"self":[{"href":"https:\/\/felipsotomotiv.com\/index.php\/wp-json\/wp\/v3\/product\/966","targetHints":{"allow":["GET"]}}],"collection":[{"href":"https:\/\/felipsotomotiv.com\/index.php\/wp-json\/wp\/v3\/product"}],"about":[{"href":"https:\/\/felipsotomotiv.com\/index.php\/wp-json\/wp\/v2\/types\/product"}],"replies":[{"embeddable":true,"href":"https:\/\/felipsotomotiv.com\/index.php\/wp-json\/wp\/v2\/comments?post=966"}],"wp:featuredmedia":[{"embeddable":true,"href":"https:\/\/felipsotomotiv.com\/index.php\/wp-json\/wp\/v2\/media\/1559"}],"wp:attachment":[{"href":"https:\/\/felipsotomotiv.com\/index.php\/wp-json\/wp\/v2\/media?parent=966"}],"wp:term":[{"taxonomy":"product_cat","embeddable":true,"href":"https:\/\/felipsotomotiv.com\/index.php\/wp-json\/wp\/v2\/product_cat?post=966"},{"taxonomy":"product_tag","embeddable":true,"href":"https:\/\/felipsotomotiv.com\/index.php\/wp-json\/wp\/v2\/product_tag?post=966"}],"curies":[{"name":"wp","href":"https:\/\/api.w.org\/{rel}","templated":true}]}}