{"id":976,"date":"2024-04-21T17:15:55","date_gmt":"2024-04-21T14:15:55","guid":{"rendered":"http:\/\/felipsotomotiv.com\/?post_type=product&#038;p=976"},"modified":"2024-07-11T14:37:25","modified_gmt":"2024-07-11T11:37:25","slug":"anten-ayak-kromu-fvo232","status":"publish","type":"product","link":"https:\/\/felipsotomotiv.com\/index.php\/urun\/anten-ayak-kromu-fvo232\/","title":{"rendered":"FVO232 VOLVO \u0130\u00c7\u0130N ANTEN AYAK KROMU FH4 2013+"},"content":{"rendered":"","protected":false},"excerpt":{"rendered":"","protected":false},"featured_media":1846,"comment_status":"open","ping_status":"closed","template":"","meta":[],"product_cat":[28],"product_tag":[],"class_list":["post-976","product","type-product","status-publish","has-post-thumbnail","hentry","product_cat-fh4-fh5"],"_links":{"self":[{"href":"https:\/\/felipsotomotiv.com\/index.php\/wp-json\/wp\/v3\/product\/976","targetHints":{"allow":["GET"]}}],"collection":[{"href":"https:\/\/felipsotomotiv.com\/index.php\/wp-json\/wp\/v3\/product"}],"about":[{"href":"https:\/\/felipsotomotiv.com\/index.php\/wp-json\/wp\/v2\/types\/product"}],"replies":[{"embeddable":true,"href":"https:\/\/felipsotomotiv.com\/index.php\/wp-json\/wp\/v2\/comments?post=976"}],"wp:featuredmedia":[{"embeddable":true,"href":"https:\/\/felipsotomotiv.com\/index.php\/wp-json\/wp\/v2\/media\/1846"}],"wp:attachment":[{"href":"https:\/\/felipsotomotiv.com\/index.php\/wp-json\/wp\/v2\/media?parent=976"}],"wp:term":[{"taxonomy":"product_cat","embeddable":true,"href":"https:\/\/felipsotomotiv.com\/index.php\/wp-json\/wp\/v2\/product_cat?post=976"},{"taxonomy":"product_tag","embeddable":true,"href":"https:\/\/felipsotomotiv.com\/index.php\/wp-json\/wp\/v2\/product_tag?post=976"}],"curies":[{"name":"wp","href":"https:\/\/api.w.org\/{rel}","templated":true}]}}